{"id":498,"date":"2026-04-17T18:25:00","date_gmt":"2026-04-17T18:25:00","guid":{"rendered":"https:\/\/alvesrepair.com.br\/index.php\/one-page-express\/"},"modified":"2026-04-17T18:56:33","modified_gmt":"2026-04-17T18:56:33","slug":"one-page-express","status":"publish","type":"page","link":"https:\/\/alvesrepair.com.br\/","title":{"rendered":"SERVI\u00c7OS"},"content":{"rendered":"<div  id=\"quem-somos-1\" style=\"background-color: #ffffff;\" data-label=\"Quem Somos\" data-id=\"stripped-coloured-icon-boxes\" data-category=\"overlapable\" class=\"features-coloured-icon-boxes-section\" data-overlap=\"true\"> <div  class=\"\"> <div  class=\"features-coloured-icon-boxes-innerrow flexbox-list dark-text\" data-type=\"row\"> <div  class=\"features-coloured-icon-boxes-featurecol cp2cols\"> <div  class=\"features-coloured-icon-boxes-iconcontainer\" data-content-item-container=\"true\"> <i  data-cp-fa=\"true\" class=\"features-coloured-icon fa fa-bolt\"><\/i> <\/div> <h4  class=\"\">Suporte Imediato<\/h4> <p  class=\"\">No Plano Empresarial, seus chamados s\u00e3o atendidos em minutos, garantindo agilidade real para o seu neg\u00f3cio.\n<br ><br >Conte com prioridade m\u00e1xima no suporte remoto \u2014 sua empresa n\u00e3o fica esperando, mantendo opera\u00e7\u00f5es sempre ativas e produtivas.<\/p>  <\/div> <div  class=\"features-coloured-icon-boxes-featurecol cp2cols\"> <div  class=\"features-coloured-icon-boxes-iconcontainer\" data-content-item-container=\"true\"> <i  data-cp-fa=\"true\" class=\"features-coloured-icon fa fa-cloud\"><\/i> <\/div> <h4  class=\"\">Servi\u00e7os em Cloud<\/h4> <p  class=\"\">Oferecemos servi\u00e7os completos em cloud para impulsionar a sua empresa.\n<br ><br >Trabalhamos com servidores, drive personalizado, VPN, CRM e diversas outras solu\u00e7\u00f5es sob medida para o seu neg\u00f3cio.\n<br ><br >Agende uma consultoria com a gente e vamos entender exatamente as suas necessidades para entregar a melhor solu\u00e7\u00e3o.<\/p>  <\/div> <div  class=\"features-coloured-icon-boxes-featurecol cp2cols\"> <div  class=\"features-coloured-icon-boxes-iconcontainer\" data-content-item-container=\"true\"> <i  data-cp-fa=\"true\" class=\"features-coloured-icon fa fa-signal\"><\/i> <\/div> <h4  class=\"\">Resultados<\/h4> <p  class=\"\">A.R Inform\u00e1tica entrega exatamente os resultados que sua empresa espera \u2014 com efici\u00eancia, economia e confiabilidade.<br ><br >Reduzimos seus custos operacionais internos e simplificamos a gest\u00e3o da sua infraestrutura. Com nossos servi\u00e7os, voc\u00ea n\u00e3o precisa investir em servidores pr\u00f3prios nem contratar um profissional CLT para cuidar de tudo.<br ><br >N\u00f3s assumimos essa responsabilidade para voc\u00ea, com solu\u00e7\u00f5es sob medida e atendimento exclusivo.<br >Porque mais do que prometer, n\u00f3s entregamos resultado.<\/p>  <\/div> <div  class=\"features-coloured-icon-boxes-featurecol cp2cols\"> <div  class=\"features-coloured-icon-boxes-iconcontainer\" data-content-item-container=\"true\"> <i  data-cp-fa=\"true\" class=\"features-coloured-icon fa fa-pie-chart\"><\/i> <\/div> <h4  class=\"\">CRM e Agente I.A<\/h4> <p  class=\"\">O A.R CRM Multi \u00e9 uma central inteligente de atendimento que organiza, automatiza e escala o contato com clientes, transformando conversas em oportunidades de venda.<br ><br >J\u00e1 o A.R Sistema I.A \u00e9 um agente com intelig\u00eancia artificial e API pr\u00f3pria, capaz de automatizar atendimentos, responder clientes com precis\u00e3o e operar 24\/7, reduzindo custos e aumentando a produtividade.<\/p>  <\/div> <\/div> <\/div><\/div><div  id=\"servidores\" style=\"background-color: #f6f6f6;\" data-label=\"Servidores\" data-id=\"about-big-images-section\" data-category=\"about\" class=\"about-big-images-section\"> <div  class=\"gridContainer\"> <div  class=\"about-big-images-textrow\"> <div  class=\"about-big-images-textcol dynamic-color\" data-type=\"column\"> <h5  class=\"\">SERVIDORES DEDICADO OU VIRTUAIS<\/h5> <h3  class=\"\">SERVI\u00c7OS 24\/7<\/h3> <p  class=\"\">Dual Link para sua empresa<\/p> <a  class=\"button blue big\" href=\"#\" target=\"_self\">SUPORTE T\u00c9CNICO<\/a> <\/div> <\/div> <\/div> <div  class=\"about-big-images-bottomrow\"> <div  class=\"about-big-images-leftimgcol\"><img  decoding=\"async\" class=\"about-big-images-leftimg\" src=\"https:\/\/alvesrepair.com.br\/wp-content\/uploads\/2023\/05\/Mesa-de-trabajo-1-copia-4-1-1.png\" alt=\"\"> <\/div> <div  class=\"about-big-images-centerimgcol\"><img  decoding=\"async\" class=\"about-big-images-centerimg\" src=\"https:\/\/alvesrepair.com.br\/wp-content\/uploads\/2026\/04\/ChatGPT-Image-29-de-mar.-de-2026-21_39_04.png\" alt=\"\"> <\/div> <div  class=\"about-big-images-rightimgcol\"><img  decoding=\"async\" class=\"about-big-images-rightimg\" src=\"https:\/\/alvesrepair.com.br\/wp-content\/uploads\/2023\/05\/Movil-vista-Whaticket-1024x1024-1.png\" alt=\"\"> <\/div> <\/div> <\/div><div  id=\"content-4\" style=\"background-color: #f6f6f6;\" data-label=\"Content\" data-id=\"content-image-right\" data-category=\"content\" class=\"content-right-image-section\"> <div  class=\"gridContainer\"> <div  class=\"content-right-image-gridcol\"> <div  class=\"content-right-image-textcol dynamic-color\" data-type=\"column\"> <h2  class=\"\">\u00c1rea do Cliente<\/h2> <p  class=\"large_text\"> Aqui \u00e9 onde sua empresa muda de n\u00edvel \u2014 automatiza processos, escala o atendimento e come\u00e7a a produzir mais e lucrar com as solu\u00e7\u00f5es da A.R Inform\u00e1tica.<\/p> <a  class=\"button blue\" href=\"https:\/\/login.alvesrepair.com.br\" target=\"_blank\"> \u00c1rea do Cliente <\/a> <\/div> <div  class=\"content-right-image-imgcol\" data-type=\"column\"> <img  decoding=\"async\" src=\"https:\/\/alvesrepair.com.br\/wp-content\/uploads\/2026\/04\/logincrm.png\" class=\"\" alt=\"\"> <\/div> <\/div> <\/div> <\/div>","protected":false},"excerpt":{"rendered":"<p>Suporte Imediato No Plano Empresarial, seus chamados s\u00e3o atendidos em minutos, garantindo agilidade real para o seu neg\u00f3cio. Conte com prioridade m\u00e1xima no suporte remoto \u2014 sua empresa n\u00e3o fica esperando, mantendo opera\u00e7\u00f5es sempre ativas e produtivas. Servi\u00e7os em Cloud Oferecemos servi\u00e7os completos em cloud para impulsionar a sua empresa. Trabalhamos com servidores, drive personalizado,&hellip; <br \/> <a class=\"button small blue\" href=\"https:\/\/alvesrepair.com.br\/\">Leia mais<\/a><\/p>\n","protected":false},"author":1,"featured_media":0,"parent":0,"menu_order":0,"comment_status":"closed","ping_status":"closed","template":"","meta":{"footnotes":""},"class_list":["post-498","page","type-page","status-publish","hentry"],"jetpack_sharing_enabled":true,"_links":{"self":[{"href":"https:\/\/alvesrepair.com.br\/index.php\/wp-json\/wp\/v2\/pages\/498","targetHints":{"allow":["GET"]}}],"collection":[{"href":"https:\/\/alvesrepair.com.br\/index.php\/wp-json\/wp\/v2\/pages"}],"about":[{"href":"https:\/\/alvesrepair.com.br\/index.php\/wp-json\/wp\/v2\/types\/page"}],"author":[{"embeddable":true,"href":"https:\/\/alvesrepair.com.br\/index.php\/wp-json\/wp\/v2\/users\/1"}],"replies":[{"embeddable":true,"href":"https:\/\/alvesrepair.com.br\/index.php\/wp-json\/wp\/v2\/comments?post=498"}],"version-history":[{"count":10,"href":"https:\/\/alvesrepair.com.br\/index.php\/wp-json\/wp\/v2\/pages\/498\/revisions"}],"predecessor-version":[{"id":523,"href":"https:\/\/alvesrepair.com.br\/index.php\/wp-json\/wp\/v2\/pages\/498\/revisions\/523"}],"wp:attachment":[{"href":"https:\/\/alvesrepair.com.br\/index.php\/wp-json\/wp\/v2\/media?parent=498"}],"curies":[{"name":"wp","href":"https:\/\/api.w.org\/{rel}","templated":true}]}}